{"id":96,"date":"2023-02-20T11:02:52","date_gmt":"2023-02-20T10:02:52","guid":{"rendered":"https:\/\/aifs.auf.org\/?page_id=96"},"modified":"2025-01-20T11:37:11","modified_gmt":"2025-01-20T10:37:11","slug":"aifs","status":"publish","type":"page","link":"https:\/\/aifs.auf.org\/index.php\/aifs\/","title":{"rendered":"AIFS"},"content":{"rendered":"\t\t<div data-elementor-type=\"wp-page\" data-elementor-id=\"96\" class=\"elementor elementor-96\">\n\t\t\t\t\t\t<section class=\"elementor-section elementor-top-section elementor-element elementor-element-a9d52bb elementor-section-boxed elementor-section-height-default elementor-section-height-default elementor-invisible\" data-id=\"a9d52bb\" data-element_type=\"section\" data-settings=\"{&quot;animation&quot;:&quot;fadeIn&quot;}\">\n\t\t\t\t\t\t<div class=\"elementor-container elementor-column-gap-default\">\n\t\t\t\t\t<div class=\"elementor-column elementor-col-100 elementor-top-column elementor-element elementor-element-5862999\" data-id=\"5862999\" data-element_type=\"column\">\n\t\t\t<div class=\"elementor-widget-wrap elementor-element-populated\">\n\t\t\t\t\t\t<div class=\"elementor-element elementor-element-69a2a84 elementor-widget elementor-widget-heading\" data-id=\"69a2a84\" data-element_type=\"widget\" data-widget_type=\"heading.default\">\n\t\t\t\t<div class=\"elementor-widget-container\">\n\t\t\t<style>\/*! elementor - v3.19.0 - 29-01-2024 *\/\n.elementor-heading-title{padding:0;margin:0;line-height:1}.elementor-widget-heading .elementor-heading-title[class*=elementor-size-]>a{color:inherit;font-size:inherit;line-height:inherit}.elementor-widget-heading .elementor-heading-title.elementor-size-small{font-size:15px}.elementor-widget-heading .elementor-heading-title.elementor-size-medium{font-size:19px}.elementor-widget-heading .elementor-heading-title.elementor-size-large{font-size:29px}.elementor-widget-heading .elementor-heading-title.elementor-size-xl{font-size:39px}.elementor-widget-heading .elementor-heading-title.elementor-size-xxl{font-size:59px}<\/style><h2 class=\"elementor-heading-title elementor-size-default\">Pourquoi une Acad\u00e9mie Internationale de la Francophonie Scientifique ?\n<\/h2>\t\t<\/div>\n\t\t\t\t<\/div>\n\t\t\t\t<div class=\"elementor-element elementor-element-0c20310 elementor-widget-divider--view-line elementor-widget elementor-widget-divider\" data-id=\"0c20310\" data-element_type=\"widget\" data-widget_type=\"divider.default\">\n\t\t\t\t<div class=\"elementor-widget-container\">\n\t\t\t<style>\/*! elementor - v3.19.0 - 29-01-2024 *\/\n.elementor-widget-divider{--divider-border-style:none;--divider-border-width:1px;--divider-color:#0c0d0e;--divider-icon-size:20px;--divider-element-spacing:10px;--divider-pattern-height:24px;--divider-pattern-size:20px;--divider-pattern-url:none;--divider-pattern-repeat:repeat-x}.elementor-widget-divider .elementor-divider{display:flex}.elementor-widget-divider .elementor-divider__text{font-size:15px;line-height:1;max-width:95%}.elementor-widget-divider .elementor-divider__element{margin:0 var(--divider-element-spacing);flex-shrink:0}.elementor-widget-divider .elementor-icon{font-size:var(--divider-icon-size)}.elementor-widget-divider .elementor-divider-separator{display:flex;margin:0;direction:ltr}.elementor-widget-divider--view-line_icon .elementor-divider-separator,.elementor-widget-divider--view-line_text .elementor-divider-separator{align-items:center}.elementor-widget-divider--view-line_icon .elementor-divider-separator:after,.elementor-widget-divider--view-line_icon .elementor-divider-separator:before,.elementor-widget-divider--view-line_text .elementor-divider-separator:after,.elementor-widget-divider--view-line_text .elementor-divider-separator:before{display:block;content:\"\";border-block-end:0;flex-grow:1;border-block-start:var(--divider-border-width) var(--divider-border-style) var(--divider-color)}.elementor-widget-divider--element-align-left .elementor-divider .elementor-divider-separator>.elementor-divider__svg:first-of-type{flex-grow:0;flex-shrink:100}.elementor-widget-divider--element-align-left .elementor-divider-separator:before{content:none}.elementor-widget-divider--element-align-left .elementor-divider__element{margin-left:0}.elementor-widget-divider--element-align-right .elementor-divider .elementor-divider-separator>.elementor-divider__svg:last-of-type{flex-grow:0;flex-shrink:100}.elementor-widget-divider--element-align-right .elementor-divider-separator:after{content:none}.elementor-widget-divider--element-align-right .elementor-divider__element{margin-right:0}.elementor-widget-divider--element-align-start .elementor-divider .elementor-divider-separator>.elementor-divider__svg:first-of-type{flex-grow:0;flex-shrink:100}.elementor-widget-divider--element-align-start .elementor-divider-separator:before{content:none}.elementor-widget-divider--element-align-start .elementor-divider__element{margin-inline-start:0}.elementor-widget-divider--element-align-end .elementor-divider .elementor-divider-separator>.elementor-divider__svg:last-of-type{flex-grow:0;flex-shrink:100}.elementor-widget-divider--element-align-end .elementor-divider-separator:after{content:none}.elementor-widget-divider--element-align-end .elementor-divider__element{margin-inline-end:0}.elementor-widget-divider:not(.elementor-widget-divider--view-line_text):not(.elementor-widget-divider--view-line_icon) .elementor-divider-separator{border-block-start:var(--divider-border-width) var(--divider-border-style) var(--divider-color)}.elementor-widget-divider--separator-type-pattern{--divider-border-style:none}.elementor-widget-divider--separator-type-pattern.elementor-widget-divider--view-line .elementor-divider-separator,.elementor-widget-divider--separator-type-pattern:not(.elementor-widget-divider--view-line) .elementor-divider-separator:after,.elementor-widget-divider--separator-type-pattern:not(.elementor-widget-divider--view-line) .elementor-divider-separator:before,.elementor-widget-divider--separator-type-pattern:not([class*=elementor-widget-divider--view]) .elementor-divider-separator{width:100%;min-height:var(--divider-pattern-height);-webkit-mask-size:var(--divider-pattern-size) 100%;mask-size:var(--divider-pattern-size) 100%;-webkit-mask-repeat:var(--divider-pattern-repeat);mask-repeat:var(--divider-pattern-repeat);background-color:var(--divider-color);-webkit-mask-image:var(--divider-pattern-url);mask-image:var(--divider-pattern-url)}.elementor-widget-divider--no-spacing{--divider-pattern-size:auto}.elementor-widget-divider--bg-round{--divider-pattern-repeat:round}.rtl .elementor-widget-divider .elementor-divider__text{direction:rtl}.e-con-inner>.elementor-widget-divider,.e-con>.elementor-widget-divider{width:var(--container-widget-width,100%);--flex-grow:var(--container-widget-flex-grow)}<\/style>\t\t<div class=\"elementor-divider\">\n\t\t\t<span class=\"elementor-divider-separator\">\n\t\t\t\t\t\t<\/span>\n\t\t<\/div>\n\t\t\t\t<\/div>\n\t\t\t\t<\/div>\n\t\t\t\t<div class=\"elementor-element elementor-element-ae1f15a elementor-widget elementor-widget-text-editor\" data-id=\"ae1f15a\" data-element_type=\"widget\" data-widget_type=\"text-editor.default\">\n\t\t\t\t<div class=\"elementor-widget-container\">\n\t\t\t<style>\/*! elementor - v3.19.0 - 29-01-2024 *\/\n.elementor-widget-text-editor.elementor-drop-cap-view-stacked .elementor-drop-cap{background-color:#69727d;color:#fff}.elementor-widget-text-editor.elementor-drop-cap-view-framed .elementor-drop-cap{color:#69727d;border:3px solid;background-color:transparent}.elementor-widget-text-editor:not(.elementor-drop-cap-view-default) .elementor-drop-cap{margin-top:8px}.elementor-widget-text-editor:not(.elementor-drop-cap-view-default) .elementor-drop-cap-letter{width:1em;height:1em}.elementor-widget-text-editor .elementor-drop-cap{float:left;text-align:center;line-height:1;font-size:50px}.elementor-widget-text-editor .elementor-drop-cap-letter{display:inline-block}<\/style>\t\t\t\t<p>L\u2019AIFS a pour objectif de r\u00e9pondre \u00e0 plusieurs\nattentes exprim\u00e9es par les jeunes, les\nenseignants et les chercheurs, mais aussi par\nles d\u00e9cideurs, les bailleurs internationaux et\nl\u2019\u00e9cosyst\u00e8me \u00e9ducatif et universitaire, plus\nglobalement. \n<\/p><p>La communaut\u00e9 scientifique d\u00e9plore, qu\u2019en d\u00e9pit\nd\u2019un nombre croissant de locuteurs fran\u00e7ais, d\u00fb\nen particulier \u00e0 une explosion d\u00e9mographique\ndu continent africain, les jeunes s\u2019\u00e9loignent\nde la langue fran\u00e7aise et de la francophonie.\nParticuli\u00e8rement pour les \u00e9tudes sup\u00e9rieures\net de mani\u00e8re plus marqu\u00e9e dans les pays\ntraditionnellement francophones. L\u2019autre\nconstat alarmant, exprim\u00e9 par de nombreux\nenseignants-chercheurs, est la difficult\u00e9\ncroissante d\u2019une ann\u00e9e \u00e0 l\u2019autre de publier\ndes recherches scientifiques en fran\u00e7ais. Enfin,\nplusieurs dirigeants universitaires dans l\u2019espace\nfrancophone rencontrent des probl\u00e8mes\nstructurels en mati\u00e8re de gouvernance dans\nleurs \u00e9tablissements. <\/p><p>Or, la nouvelle g\u00e9n\u00e9ration et nos \u00e9minents\nscientifiques devraient \u00eatre les ambassadrices\net ambassadeurs de la Francophonie et offrir\nun nouveau visage \u00e0 une francophonie plurielle,\nouverte, vivante, en perp\u00e9tuelle \u00e9volution.\nConvaincre cette jeunesse et accompagner ces\nscientifiques devient un enjeu porteur d\u2019avenir\npour la Francophonie.<\/p><p>L\u2019objectif de l\u2019AIFS est donc de contribuer, avec\ntous les acteurs de la Francophonie scientifique,\n\u00e0 diminuer ces contraintes exprim\u00e9es. En cr\u00e9ant\nl\u2019AIFS, l\u2019AUF participe \u00e0 ce projet ambitieux :\nrendre la Francophonie attractive, stimulante et\noffrir une nouvelle perspective d\u2019\u00e9volution \u00e0 la\njeunesse et aux scientifiques.<\/p><p>L\u2019Acad\u00e9mie Internationale de la Francophonie\nScientifique est \u00e9galement un levier\nsuppl\u00e9mentaire pour le d\u00e9veloppement d\u2019une\ndiplomatie scientifique, telle que d\u00e9finie dans\nle Manifeste pour une diplomatie scientifique\nfrancophone, adopt\u00e9 par les ministres de\nl\u2019enseignement sup\u00e9rieur et de la recherche\nau Caire le 26 octobre 2022 lors de la 6\u00e8me\nconf\u00e9rence minist\u00e9rielle francophone organis\u00e9e\npar l\u2019AUF.<\/p>\t\t\t\t\t\t<\/div>\n\t\t\t\t<\/div>\n\t\t\t\t\t<\/div>\n\t\t<\/div>\n\t\t\t\t\t<\/div>\n\t\t<\/section>\n\t\t\t\t<section class=\"elementor-section elementor-top-section elementor-element elementor-element-4c6dceb elementor-section-boxed elementor-section-height-default elementor-section-height-default elementor-invisible\" data-id=\"4c6dceb\" data-element_type=\"section\" data-settings=\"{&quot;animation&quot;:&quot;fadeInUp&quot;}\">\n\t\t\t\t\t\t<div class=\"elementor-container elementor-column-gap-default\">\n\t\t\t\t\t<div class=\"elementor-column elementor-col-100 elementor-top-column elementor-element elementor-element-3aea38a\" data-id=\"3aea38a\" data-element_type=\"column\">\n\t\t\t<div class=\"elementor-widget-wrap elementor-element-populated\">\n\t\t\t\t\t\t<div class=\"elementor-element elementor-element-c60730e elementor-widget elementor-widget-heading\" data-id=\"c60730e\" data-element_type=\"widget\" data-widget_type=\"heading.default\">\n\t\t\t\t<div class=\"elementor-widget-container\">\n\t\t\t<h2 class=\"elementor-heading-title elementor-size-default\">Gouvernance <\/h2>\t\t<\/div>\n\t\t\t\t<\/div>\n\t\t\t\t<div class=\"elementor-element elementor-element-9010da4 elementor-widget-divider--view-line elementor-widget elementor-widget-divider\" data-id=\"9010da4\" data-element_type=\"widget\" data-widget_type=\"divider.default\">\n\t\t\t\t<div class=\"elementor-widget-container\">\n\t\t\t\t\t<div class=\"elementor-divider\">\n\t\t\t<span class=\"elementor-divider-separator\">\n\t\t\t\t\t\t<\/span>\n\t\t<\/div>\n\t\t\t\t<\/div>\n\t\t\t\t<\/div>\n\t\t\t\t<div class=\"elementor-element elementor-element-e4fdd3d elementor-widget elementor-widget-image\" data-id=\"e4fdd3d\" data-element_type=\"widget\" data-widget_type=\"image.default\">\n\t\t\t\t<div class=\"elementor-widget-container\">\n\t\t\t<style>\/*! elementor - v3.19.0 - 29-01-2024 *\/\n.elementor-widget-image{text-align:center}.elementor-widget-image a{display:inline-block}.elementor-widget-image a img[src$=\".svg\"]{width:48px}.elementor-widget-image img{vertical-align:middle;display:inline-block}<\/style>\t\t\t\t\t\t\t\t\t\t<img fetchpriority=\"high\" decoding=\"async\" width=\"2455\" height=\"1290\" src=\"https:\/\/aifs.auf.org\/wp-content\/uploads\/2023\/03\/Sans-titre.jpg\" class=\"attachment-full size-full wp-image-644\" alt=\"\" srcset=\"https:\/\/aifs.auf.org\/wp-content\/uploads\/2023\/03\/Sans-titre.jpg 2455w, https:\/\/aifs.auf.org\/wp-content\/uploads\/2023\/03\/Sans-titre-300x158.jpg 300w, https:\/\/aifs.auf.org\/wp-content\/uploads\/2023\/03\/Sans-titre-1024x538.jpg 1024w, https:\/\/aifs.auf.org\/wp-content\/uploads\/2023\/03\/Sans-titre-768x404.jpg 768w, https:\/\/aifs.auf.org\/wp-content\/uploads\/2023\/03\/Sans-titre-1536x807.jpg 1536w, https:\/\/aifs.auf.org\/wp-content\/uploads\/2023\/03\/Sans-titre-2048x1076.jpg 2048w\" sizes=\"(max-width: 2455px) 100vw, 2455px\" \/>\t\t\t\t\t\t\t\t\t\t\t\t\t<\/div>\n\t\t\t\t<\/div>\n\t\t\t\t\t<\/div>\n\t\t<\/div>\n\t\t\t\t\t<\/div>\n\t\t<\/section>\n\t\t\t\t<section class=\"elementor-section elementor-top-section elementor-element elementor-element-2b4ca93 elementor-section-boxed elementor-section-height-default elementor-section-height-default elementor-invisible\" data-id=\"2b4ca93\" data-element_type=\"section\" data-settings=\"{&quot;animation&quot;:&quot;fadeInUp&quot;}\">\n\t\t\t\t\t\t<div class=\"elementor-container elementor-column-gap-default\">\n\t\t\t\t\t<div class=\"elementor-column elementor-col-100 elementor-top-column elementor-element elementor-element-0b2f667\" data-id=\"0b2f667\" data-element_type=\"column\">\n\t\t\t<div class=\"elementor-widget-wrap elementor-element-populated\">\n\t\t\t\t\t\t<div class=\"elementor-element elementor-element-304e182 elementor-widget elementor-widget-heading\" data-id=\"304e182\" data-element_type=\"widget\" data-widget_type=\"heading.default\">\n\t\t\t\t<div class=\"elementor-widget-container\">\n\t\t\t<h2 class=\"elementor-heading-title elementor-size-default\">Organigramme <\/h2>\t\t<\/div>\n\t\t\t\t<\/div>\n\t\t\t\t<div class=\"elementor-element elementor-element-44caaef elementor-widget-divider--view-line elementor-widget elementor-widget-divider\" data-id=\"44caaef\" data-element_type=\"widget\" data-widget_type=\"divider.default\">\n\t\t\t\t<div class=\"elementor-widget-container\">\n\t\t\t\t\t<div class=\"elementor-divider\">\n\t\t\t<span class=\"elementor-divider-separator\">\n\t\t\t\t\t\t<\/span>\n\t\t<\/div>\n\t\t\t\t<\/div>\n\t\t\t\t<\/div>\n\t\t\t\t<div class=\"elementor-element elementor-element-7319f00 elementor-widget elementor-widget-image\" data-id=\"7319f00\" data-element_type=\"widget\" data-widget_type=\"image.default\">\n\t\t\t\t<div class=\"elementor-widget-container\">\n\t\t\t\t\t\t\t\t\t\t\t\t\t<img decoding=\"async\" width=\"768\" height=\"351\" src=\"https:\/\/aifs.auf.org\/wp-content\/uploads\/2025\/01\/Organigramme-a-jour-768x351.jpg\" class=\"attachment-medium_large size-medium_large wp-image-1354\" alt=\"\" srcset=\"https:\/\/aifs.auf.org\/wp-content\/uploads\/2025\/01\/Organigramme-a-jour-768x351.jpg 768w, https:\/\/aifs.auf.org\/wp-content\/uploads\/2025\/01\/Organigramme-a-jour-300x137.jpg 300w, https:\/\/aifs.auf.org\/wp-content\/uploads\/2025\/01\/Organigramme-a-jour.jpg 1024w\" sizes=\"(max-width: 768px) 100vw, 768px\" \/>\t\t\t\t\t\t\t\t\t\t\t\t\t<\/div>\n\t\t\t\t<\/div>\n\t\t\t\t<div class=\"elementor-element elementor-element-3842489 elementor-widget elementor-widget-heading\" data-id=\"3842489\" data-element_type=\"widget\" data-widget_type=\"heading.default\">\n\t\t\t\t<div class=\"elementor-widget-container\">\n\t\t\t<h5 class=\"elementor-heading-title elementor-size-medium\"><a href=\"https:\/\/aifs.auf.org\/index.php\/portraits\/\">D\u00e9couvrez l'\u00e9quipe &#10095;<\/a><\/h5>\t\t<\/div>\n\t\t\t\t<\/div>\n\t\t\t\t\t<\/div>\n\t\t<\/div>\n\t\t\t\t\t<\/div>\n\t\t<\/section>\n\t\t\t\t<section class=\"elementor-section elementor-top-section elementor-element elementor-element-fb3efd5 elementor-section-boxed elementor-section-height-default elementor-section-height-default\" data-id=\"fb3efd5\" data-element_type=\"section\">\n\t\t\t\t\t\t<div class=\"elementor-container elementor-column-gap-default\">\n\t\t\t\t\t<div class=\"elementor-column elementor-col-100 elementor-top-column elementor-element elementor-element-3c6dc6c\" data-id=\"3c6dc6c\" data-element_type=\"column\">\n\t\t\t<div class=\"elementor-widget-wrap elementor-element-populated\">\n\t\t\t\t\t\t<div class=\"elementor-element elementor-element-be9d94f elementor-widget elementor-widget-spacer\" data-id=\"be9d94f\" data-element_type=\"widget\" data-widget_type=\"spacer.default\">\n\t\t\t\t<div class=\"elementor-widget-container\">\n\t\t\t<style>\/*! elementor - v3.19.0 - 29-01-2024 *\/\n.elementor-column .elementor-spacer-inner{height:var(--spacer-size)}.e-con{--container-widget-width:100%}.e-con-inner>.elementor-widget-spacer,.e-con>.elementor-widget-spacer{width:var(--container-widget-width,var(--spacer-size));--align-self:var(--container-widget-align-self,initial);--flex-shrink:0}.e-con-inner>.elementor-widget-spacer>.elementor-widget-container,.e-con>.elementor-widget-spacer>.elementor-widget-container{height:100%;width:100%}.e-con-inner>.elementor-widget-spacer>.elementor-widget-container>.elementor-spacer,.e-con>.elementor-widget-spacer>.elementor-widget-container>.elementor-spacer{height:100%}.e-con-inner>.elementor-widget-spacer>.elementor-widget-container>.elementor-spacer>.elementor-spacer-inner,.e-con>.elementor-widget-spacer>.elementor-widget-container>.elementor-spacer>.elementor-spacer-inner{height:var(--container-widget-height,var(--spacer-size))}.e-con-inner>.elementor-widget-spacer.elementor-widget-empty,.e-con>.elementor-widget-spacer.elementor-widget-empty{position:relative;min-height:22px;min-width:22px}.e-con-inner>.elementor-widget-spacer.elementor-widget-empty .elementor-widget-empty-icon,.e-con>.elementor-widget-spacer.elementor-widget-empty .elementor-widget-empty-icon{position:absolute;top:0;bottom:0;left:0;right:0;margin:auto;padding:0;width:22px;height:22px}<\/style>\t\t<div class=\"elementor-spacer\">\n\t\t\t<div class=\"elementor-spacer-inner\"><\/div>\n\t\t<\/div>\n\t\t\t\t<\/div>\n\t\t\t\t<\/div>\n\t\t\t\t\t<\/div>\n\t\t<\/div>\n\t\t\t\t\t<\/div>\n\t\t<\/section>\n\t\t\t\t<\/div>\n\t\t","protected":false},"excerpt":{"rendered":"<p>Pourquoi une Acad\u00e9mie Internationale de la Francophonie Scientifique ? L\u2019AIFS a pour objectif de r\u00e9pondre \u00e0 plusieurs attentes exprim\u00e9es par les jeunes, les enseignants et les chercheurs, mais aussi par les d\u00e9cideurs, les bailleurs internationaux et l\u2019\u00e9cosyst\u00e8me \u00e9ducatif et universitaire, plus globalement. La communaut\u00e9 scientifique d\u00e9plore, qu\u2019en d\u00e9pit d\u2019un nombre croissant de locuteurs fran\u00e7ais, d\u00fb&hellip;&nbsp;<a href=\"https:\/\/aifs.auf.org\/index.php\/aifs\/\" rel=\"bookmark\">Lire la suite &raquo;<span class=\"screen-reader-text\">AIFS<\/span><\/a><\/p>\n","protected":false},"author":2,"featured_media":0,"parent":0,"menu_order":0,"comment_status":"closed","ping_status":"closed","template":"page-templates\/template-pagebuilder-full-width.php","meta":{"neve_meta_sidebar":"","neve_meta_container":"","neve_meta_enable_content_width":"","neve_meta_content_width":0,"neve_meta_title_alignment":"","neve_meta_author_avatar":"","neve_post_elements_order":"","neve_meta_disable_header":"","neve_meta_disable_footer":"","neve_meta_disable_title":""},"_links":{"self":[{"href":"https:\/\/aifs.auf.org\/index.php\/wp-json\/wp\/v2\/pages\/96"}],"collection":[{"href":"https:\/\/aifs.auf.org\/index.php\/wp-json\/wp\/v2\/pages"}],"about":[{"href":"https:\/\/aifs.auf.org\/index.php\/wp-json\/wp\/v2\/types\/page"}],"author":[{"embeddable":true,"href":"https:\/\/aifs.auf.org\/index.php\/wp-json\/wp\/v2\/users\/2"}],"replies":[{"embeddable":true,"href":"https:\/\/aifs.auf.org\/index.php\/wp-json\/wp\/v2\/comments?post=96"}],"version-history":[{"count":61,"href":"https:\/\/aifs.auf.org\/index.php\/wp-json\/wp\/v2\/pages\/96\/revisions"}],"predecessor-version":[{"id":1357,"href":"https:\/\/aifs.auf.org\/index.php\/wp-json\/wp\/v2\/pages\/96\/revisions\/1357"}],"wp:attachment":[{"href":"https:\/\/aifs.auf.org\/index.php\/wp-json\/wp\/v2\/media?parent=96"}],"curies":[{"name":"wp","href":"https:\/\/api.w.org\/{rel}","templated":true}]}}