{"id":203,"date":"2023-02-21T12:22:06","date_gmt":"2023-02-21T11:22:06","guid":{"rendered":"https:\/\/aifs.auf.org\/?page_id=203"},"modified":"2023-03-21T12:18:06","modified_gmt":"2023-03-21T11:18:06","slug":"partenaires","status":"publish","type":"page","link":"https:\/\/aifs.auf.org\/index.php\/partenaires\/","title":{"rendered":"Partenaires"},"content":{"rendered":"\t\t<div data-elementor-type=\"wp-page\" data-elementor-id=\"203\" class=\"elementor elementor-203\">\n\t\t\t\t\t\t<section class=\"elementor-section elementor-top-section elementor-element elementor-element-61141d0 elementor-section-boxed elementor-section-height-default elementor-section-height-default elementor-invisible\" data-id=\"61141d0\" data-element_type=\"section\" data-settings=\"{&quot;animation&quot;:&quot;fadeIn&quot;}\">\n\t\t\t\t\t\t<div class=\"elementor-container elementor-column-gap-default\">\n\t\t\t\t\t<div class=\"elementor-column elementor-col-100 elementor-top-column elementor-element elementor-element-0b7bc7d\" data-id=\"0b7bc7d\" data-element_type=\"column\">\n\t\t\t<div class=\"elementor-widget-wrap elementor-element-populated\">\n\t\t\t\t\t\t<div class=\"elementor-element elementor-element-27d5063 elementor-widget elementor-widget-heading\" data-id=\"27d5063\" data-element_type=\"widget\" data-widget_type=\"heading.default\">\n\t\t\t\t<div class=\"elementor-widget-container\">\n\t\t\t<style>\/*! elementor - v3.19.0 - 29-01-2024 *\/\n.elementor-heading-title{padding:0;margin:0;line-height:1}.elementor-widget-heading .elementor-heading-title[class*=elementor-size-]>a{color:inherit;font-size:inherit;line-height:inherit}.elementor-widget-heading .elementor-heading-title.elementor-size-small{font-size:15px}.elementor-widget-heading .elementor-heading-title.elementor-size-medium{font-size:19px}.elementor-widget-heading .elementor-heading-title.elementor-size-large{font-size:29px}.elementor-widget-heading .elementor-heading-title.elementor-size-xl{font-size:39px}.elementor-widget-heading .elementor-heading-title.elementor-size-xxl{font-size:59px}<\/style><h2 class=\"elementor-heading-title elementor-size-default\">Le si\u00e8ge de l\u2019AIFS au Maroc<\/h2>\t\t<\/div>\n\t\t\t\t<\/div>\n\t\t\t\t<div class=\"elementor-element elementor-element-542e009 elementor-widget-divider--view-line elementor-widget elementor-widget-divider\" data-id=\"542e009\" data-element_type=\"widget\" data-widget_type=\"divider.default\">\n\t\t\t\t<div class=\"elementor-widget-container\">\n\t\t\t<style>\/*! elementor - v3.19.0 - 29-01-2024 *\/\n.elementor-widget-divider{--divider-border-style:none;--divider-border-width:1px;--divider-color:#0c0d0e;--divider-icon-size:20px;--divider-element-spacing:10px;--divider-pattern-height:24px;--divider-pattern-size:20px;--divider-pattern-url:none;--divider-pattern-repeat:repeat-x}.elementor-widget-divider .elementor-divider{display:flex}.elementor-widget-divider .elementor-divider__text{font-size:15px;line-height:1;max-width:95%}.elementor-widget-divider .elementor-divider__element{margin:0 var(--divider-element-spacing);flex-shrink:0}.elementor-widget-divider .elementor-icon{font-size:var(--divider-icon-size)}.elementor-widget-divider .elementor-divider-separator{display:flex;margin:0;direction:ltr}.elementor-widget-divider--view-line_icon .elementor-divider-separator,.elementor-widget-divider--view-line_text .elementor-divider-separator{align-items:center}.elementor-widget-divider--view-line_icon .elementor-divider-separator:after,.elementor-widget-divider--view-line_icon .elementor-divider-separator:before,.elementor-widget-divider--view-line_text .elementor-divider-separator:after,.elementor-widget-divider--view-line_text .elementor-divider-separator:before{display:block;content:\"\";border-block-end:0;flex-grow:1;border-block-start:var(--divider-border-width) var(--divider-border-style) var(--divider-color)}.elementor-widget-divider--element-align-left .elementor-divider .elementor-divider-separator>.elementor-divider__svg:first-of-type{flex-grow:0;flex-shrink:100}.elementor-widget-divider--element-align-left .elementor-divider-separator:before{content:none}.elementor-widget-divider--element-align-left .elementor-divider__element{margin-left:0}.elementor-widget-divider--element-align-right .elementor-divider .elementor-divider-separator>.elementor-divider__svg:last-of-type{flex-grow:0;flex-shrink:100}.elementor-widget-divider--element-align-right .elementor-divider-separator:after{content:none}.elementor-widget-divider--element-align-right .elementor-divider__element{margin-right:0}.elementor-widget-divider--element-align-start .elementor-divider .elementor-divider-separator>.elementor-divider__svg:first-of-type{flex-grow:0;flex-shrink:100}.elementor-widget-divider--element-align-start .elementor-divider-separator:before{content:none}.elementor-widget-divider--element-align-start .elementor-divider__element{margin-inline-start:0}.elementor-widget-divider--element-align-end .elementor-divider .elementor-divider-separator>.elementor-divider__svg:last-of-type{flex-grow:0;flex-shrink:100}.elementor-widget-divider--element-align-end .elementor-divider-separator:after{content:none}.elementor-widget-divider--element-align-end .elementor-divider__element{margin-inline-end:0}.elementor-widget-divider:not(.elementor-widget-divider--view-line_text):not(.elementor-widget-divider--view-line_icon) .elementor-divider-separator{border-block-start:var(--divider-border-width) var(--divider-border-style) var(--divider-color)}.elementor-widget-divider--separator-type-pattern{--divider-border-style:none}.elementor-widget-divider--separator-type-pattern.elementor-widget-divider--view-line .elementor-divider-separator,.elementor-widget-divider--separator-type-pattern:not(.elementor-widget-divider--view-line) .elementor-divider-separator:after,.elementor-widget-divider--separator-type-pattern:not(.elementor-widget-divider--view-line) .elementor-divider-separator:before,.elementor-widget-divider--separator-type-pattern:not([class*=elementor-widget-divider--view]) .elementor-divider-separator{width:100%;min-height:var(--divider-pattern-height);-webkit-mask-size:var(--divider-pattern-size) 100%;mask-size:var(--divider-pattern-size) 100%;-webkit-mask-repeat:var(--divider-pattern-repeat);mask-repeat:var(--divider-pattern-repeat);background-color:var(--divider-color);-webkit-mask-image:var(--divider-pattern-url);mask-image:var(--divider-pattern-url)}.elementor-widget-divider--no-spacing{--divider-pattern-size:auto}.elementor-widget-divider--bg-round{--divider-pattern-repeat:round}.rtl .elementor-widget-divider .elementor-divider__text{direction:rtl}.e-con-inner>.elementor-widget-divider,.e-con>.elementor-widget-divider{width:var(--container-widget-width,100%);--flex-grow:var(--container-widget-flex-grow)}<\/style>\t\t<div class=\"elementor-divider\">\n\t\t\t<span class=\"elementor-divider-separator\">\n\t\t\t\t\t\t<\/span>\n\t\t<\/div>\n\t\t\t\t<\/div>\n\t\t\t\t<\/div>\n\t\t\t\t<section class=\"elementor-section elementor-inner-section elementor-element elementor-element-1e82051 elementor-section-boxed elementor-section-height-default elementor-section-height-default\" data-id=\"1e82051\" data-element_type=\"section\">\n\t\t\t\t\t\t<div class=\"elementor-container elementor-column-gap-default\">\n\t\t\t\t\t<div class=\"elementor-column elementor-col-50 elementor-inner-column elementor-element elementor-element-73a0157\" data-id=\"73a0157\" data-element_type=\"column\">\n\t\t\t<div class=\"elementor-widget-wrap elementor-element-populated\">\n\t\t\t\t\t\t<div class=\"elementor-element elementor-element-83ef203 elementor-widget elementor-widget-image\" data-id=\"83ef203\" data-element_type=\"widget\" data-widget_type=\"image.default\">\n\t\t\t\t<div class=\"elementor-widget-container\">\n\t\t\t<style>\/*! elementor - v3.19.0 - 29-01-2024 *\/\n.elementor-widget-image{text-align:center}.elementor-widget-image a{display:inline-block}.elementor-widget-image a img[src$=\".svg\"]{width:48px}.elementor-widget-image img{vertical-align:middle;display:inline-block}<\/style>\t\t\t\t\t\t\t\t\t\t<img fetchpriority=\"high\" decoding=\"async\" width=\"1024\" height=\"724\" src=\"https:\/\/aifs.auf.org\/wp-content\/uploads\/2023\/03\/LOGO-HORIZONTAL-WEB-1-1024x724.png\" class=\"attachment-large size-large wp-image-555\" alt=\"\" srcset=\"https:\/\/aifs.auf.org\/wp-content\/uploads\/2023\/03\/LOGO-HORIZONTAL-WEB-1-1024x724.png 1024w, https:\/\/aifs.auf.org\/wp-content\/uploads\/2023\/03\/LOGO-HORIZONTAL-WEB-1-300x212.png 300w, https:\/\/aifs.auf.org\/wp-content\/uploads\/2023\/03\/LOGO-HORIZONTAL-WEB-1-768x543.png 768w, https:\/\/aifs.auf.org\/wp-content\/uploads\/2023\/03\/LOGO-HORIZONTAL-WEB-1-1536x1086.png 1536w, https:\/\/aifs.auf.org\/wp-content\/uploads\/2023\/03\/LOGO-HORIZONTAL-WEB-1-2048x1448.png 2048w\" sizes=\"(max-width: 1024px) 100vw, 1024px\" \/>\t\t\t\t\t\t\t\t\t\t\t\t\t<\/div>\n\t\t\t\t<\/div>\n\t\t\t\t\t<\/div>\n\t\t<\/div>\n\t\t\t\t<div class=\"elementor-column elementor-col-50 elementor-inner-column elementor-element elementor-element-0d202e5\" data-id=\"0d202e5\" data-element_type=\"column\">\n\t\t\t<div class=\"elementor-widget-wrap elementor-element-populated\">\n\t\t\t\t\t\t<div class=\"elementor-element elementor-element-3fe8945 elementor-widget elementor-widget-image\" data-id=\"3fe8945\" data-element_type=\"widget\" data-widget_type=\"image.default\">\n\t\t\t\t<div class=\"elementor-widget-container\">\n\t\t\t\t\t\t\t\t\t\t\t\t\t<img decoding=\"async\" width=\"300\" height=\"200\" src=\"https:\/\/aifs.auf.org\/wp-content\/uploads\/2023\/03\/Flag_of_Morocco.svg_-300x200.png\" class=\"attachment-medium size-medium wp-image-818\" alt=\"\" srcset=\"https:\/\/aifs.auf.org\/wp-content\/uploads\/2023\/03\/Flag_of_Morocco.svg_-300x200.png 300w, https:\/\/aifs.auf.org\/wp-content\/uploads\/2023\/03\/Flag_of_Morocco.svg_-1024x683.png 1024w, https:\/\/aifs.auf.org\/wp-content\/uploads\/2023\/03\/Flag_of_Morocco.svg_-768x512.png 768w, https:\/\/aifs.auf.org\/wp-content\/uploads\/2023\/03\/Flag_of_Morocco.svg_-1536x1024.png 1536w, https:\/\/aifs.auf.org\/wp-content\/uploads\/2023\/03\/Flag_of_Morocco.svg_-2048x1366.png 2048w, https:\/\/aifs.auf.org\/wp-content\/uploads\/2023\/03\/Flag_of_Morocco.svg_-930x620.png 930w\" sizes=\"(max-width: 300px) 100vw, 300px\" \/>\t\t\t\t\t\t\t\t\t\t\t\t\t<\/div>\n\t\t\t\t<\/div>\n\t\t\t\t\t<\/div>\n\t\t<\/div>\n\t\t\t\t\t<\/div>\n\t\t<\/section>\n\t\t\t\t\t<\/div>\n\t\t<\/div>\n\t\t\t\t\t<\/div>\n\t\t<\/section>\n\t\t\t\t<section class=\"elementor-section elementor-top-section elementor-element elementor-element-eb1a623 elementor-section-boxed elementor-section-height-default elementor-section-height-default\" data-id=\"eb1a623\" data-element_type=\"section\">\n\t\t\t\t\t\t<div class=\"elementor-container elementor-column-gap-default\">\n\t\t\t\t\t<div class=\"elementor-column elementor-col-100 elementor-top-column elementor-element elementor-element-3d48d5e\" data-id=\"3d48d5e\" data-element_type=\"column\">\n\t\t\t<div class=\"elementor-widget-wrap elementor-element-populated\">\n\t\t\t\t\t\t<div class=\"elementor-element elementor-element-960c9e8 elementor-widget elementor-widget-text-editor\" data-id=\"960c9e8\" data-element_type=\"widget\" data-widget_type=\"text-editor.default\">\n\t\t\t\t<div class=\"elementor-widget-container\">\n\t\t\t<style>\/*! elementor - v3.19.0 - 29-01-2024 *\/\n.elementor-widget-text-editor.elementor-drop-cap-view-stacked .elementor-drop-cap{background-color:#69727d;color:#fff}.elementor-widget-text-editor.elementor-drop-cap-view-framed .elementor-drop-cap{color:#69727d;border:3px solid;background-color:transparent}.elementor-widget-text-editor:not(.elementor-drop-cap-view-default) .elementor-drop-cap{margin-top:8px}.elementor-widget-text-editor:not(.elementor-drop-cap-view-default) .elementor-drop-cap-letter{width:1em;height:1em}.elementor-widget-text-editor .elementor-drop-cap{float:left;text-align:center;line-height:1;font-size:50px}.elementor-widget-text-editor .elementor-drop-cap-letter{display:inline-block}<\/style>\t\t\t\t<p>Le Maroc a \u00e9t\u00e9 s\u00e9lectionn\u00e9 pour abriter l\u2019Acad\u00e9mie Internationale de\nla Francophonie Scientifique \u00e0 l\u2019unanimit\u00e9 lors de la 18\u00e8me Assembl\u00e9e\ng\u00e9n\u00e9rale de l\u2019AUF en septembre 2021 qui s\u2019est d\u00e9roul\u00e9e \u00e0 Bucarest.\nEn effet, le Royaume du Maroc a pr\u00e9sent\u00e9 une candidature solide\navec l\u2019appui officiel de Sa Majest\u00e9 le Roi Mohammed VI afin d\u2019accueillir\nl\u2019AIFS. <\/p><p>Aujourd\u2019hui, le si\u00e8ge social de l\u2019AIFS est \u00e0 Rabat, apr\u00e8s\nl\u2019institutionnalisation de cette d\u00e9cision par la signature le 28 mai 2022\nd\u2019un accord de si\u00e8ge entre l\u2019AUF et le Gouvernement du Royaume du\nMaroc. De ce fait, le Maroc est devenu le premier partenaire strat\u00e9gique\nde l\u2019AUF dans la cr\u00e9ation de l\u2019AIFS en mobilisant d\u2019importants moyens\nhumains et logistiques.<\/p>\t\t\t\t\t\t<\/div>\n\t\t\t\t<\/div>\n\t\t\t\t\t<\/div>\n\t\t<\/div>\n\t\t\t\t\t<\/div>\n\t\t<\/section>\n\t\t\t\t<\/div>\n\t\t","protected":false},"excerpt":{"rendered":"<p>Le si\u00e8ge de l\u2019AIFS au Maroc Le Maroc a \u00e9t\u00e9 s\u00e9lectionn\u00e9 pour abriter l\u2019Acad\u00e9mie Internationale de la Francophonie Scientifique \u00e0 l\u2019unanimit\u00e9 lors de la 18\u00e8me Assembl\u00e9e g\u00e9n\u00e9rale de l\u2019AUF en septembre 2021 qui s\u2019est d\u00e9roul\u00e9e \u00e0 Bucarest. En effet, le Royaume du Maroc a pr\u00e9sent\u00e9 une candidature solide avec l\u2019appui officiel de Sa Majest\u00e9 le&hellip;&nbsp;<a href=\"https:\/\/aifs.auf.org\/index.php\/partenaires\/\" rel=\"bookmark\">Lire la suite &raquo;<span class=\"screen-reader-text\">Partenaires<\/span><\/a><\/p>\n","protected":false},"author":2,"featured_media":0,"parent":0,"menu_order":0,"comment_status":"closed","ping_status":"closed","template":"page-templates\/template-pagebuilder-full-width.php","meta":{"neve_meta_sidebar":"","neve_meta_container":"","neve_meta_enable_content_width":"","neve_meta_content_width":0,"neve_meta_title_alignment":"","neve_meta_author_avatar":"","neve_post_elements_order":"","neve_meta_disable_header":"","neve_meta_disable_footer":"","neve_meta_disable_title":""},"_links":{"self":[{"href":"https:\/\/aifs.auf.org\/index.php\/wp-json\/wp\/v2\/pages\/203"}],"collection":[{"href":"https:\/\/aifs.auf.org\/index.php\/wp-json\/wp\/v2\/pages"}],"about":[{"href":"https:\/\/aifs.auf.org\/index.php\/wp-json\/wp\/v2\/types\/page"}],"author":[{"embeddable":true,"href":"https:\/\/aifs.auf.org\/index.php\/wp-json\/wp\/v2\/users\/2"}],"replies":[{"embeddable":true,"href":"https:\/\/aifs.auf.org\/index.php\/wp-json\/wp\/v2\/comments?post=203"}],"version-history":[{"count":28,"href":"https:\/\/aifs.auf.org\/index.php\/wp-json\/wp\/v2\/pages\/203\/revisions"}],"predecessor-version":[{"id":1056,"href":"https:\/\/aifs.auf.org\/index.php\/wp-json\/wp\/v2\/pages\/203\/revisions\/1056"}],"wp:attachment":[{"href":"https:\/\/aifs.auf.org\/index.php\/wp-json\/wp\/v2\/media?parent=203"}],"curies":[{"name":"wp","href":"https:\/\/api.w.org\/{rel}","templated":true}]}}